{"id":11,"date":"2020-01-09T09:35:36","date_gmt":"2020-01-09T09:35:36","guid":{"rendered":"https:\/\/toothpickmachines.com\/?page_id=11"},"modified":"2020-07-28T02:26:15","modified_gmt":"2020-07-28T02:26:15","slug":"contact-us","status":"publish","type":"page","link":"https:\/\/toothpickmachines.com\/es\/contact-us\/","title":{"rendered":"Cont\u00e1ctenos"},"content":{"rendered":"<h2 class=\"wp-block-heading\"><strong>Detalles de contacto<\/strong><strong><\/strong><\/h2>    <p>Whatsapp | WeChat | Tel\u00e9fono: +86 158 3819 2276<\/p>    <h2 class=\"wp-block-heading\"><strong>Direcci\u00f3n de correo electr\u00f3nico oficial<\/strong><strong><\/strong><\/h2>    <p><a href=\"mailto:info@toothpickmachines.com\">info@toothpickmachines.com<\/a><\/p>    <h2 class=\"wp-block-heading\"><strong>Hora de trabajo<\/strong><strong><\/strong><\/h2>    <p>24 Horas de Lunes a Domingo<\/p>    <h2 class=\"wp-block-heading\"><strong>Ubicaci\u00f3n de la compa\u00f1\u00eda<\/strong><strong><\/strong><\/h2>    <p>No.1394 East Hanghai Road, \u00c1rea de Desarrollo Econ\u00f3mico-Tecnol\u00f3gico, Zhengzhou, China<\/p>    <p class=\"translation-block\"><strong>No dude en contactarnos para preguntas y soluciones sobre la producci\u00f3n de palillos.<\/strong><\/p>    <p class=\"translation-block\"><strong>Le damos la bienvenida sinceramente a visitar nuestra f\u00e1brica y negociar negocios en persona.<\/strong> <\/p>    <p class=\"translation-block\"><strong>Tambi\u00e9n esperamos que finalmente podamos alcanzar una cooperaci\u00f3n, y esperamos que nuestro equipo de producci\u00f3n de palillos pueda crear un mayor valor econ\u00f3mico para usted y lograr una situaci\u00f3n de beneficio mutuo.<\/strong><\/p>","protected":false},"excerpt":{"rendered":"<p>Contact Details WhatsApp | WeChat | Tel: +86 158 3819 2276 Official Email Address info@toothpickmachines.com Working Hour 24 Hours for Monday to Sunday Company Location No.1394 East Hanghai Road,&nbsp;Economic-technological Development Area,&nbsp;Zhengzhou,&nbsp;China Please feel free to contact us for questions and solutions about toothpicks production. We sincerely welcome you to visit our factory and negotiate business [&hellip;]<\/p>\n","protected":false},"author":1,"featured_media":0,"parent":0,"menu_order":0,"comment_status":"closed","ping_status":"closed","template":"","meta":{"footnotes":""},"class_list":["post-11","page","type-page","status-publish","hentry"],"_links":{"self":[{"href":"https:\/\/toothpickmachines.com\/es\/wp-json\/wp\/v2\/pages\/11","targetHints":{"allow":["GET"]}}],"collection":[{"href":"https:\/\/toothpickmachines.com\/es\/wp-json\/wp\/v2\/pages"}],"about":[{"href":"https:\/\/toothpickmachines.com\/es\/wp-json\/wp\/v2\/types\/page"}],"author":[{"embeddable":true,"href":"https:\/\/toothpickmachines.com\/es\/wp-json\/wp\/v2\/users\/1"}],"replies":[{"embeddable":true,"href":"https:\/\/toothpickmachines.com\/es\/wp-json\/wp\/v2\/comments?post=11"}],"version-history":[{"count":0,"href":"https:\/\/toothpickmachines.com\/es\/wp-json\/wp\/v2\/pages\/11\/revisions"}],"wp:attachment":[{"href":"https:\/\/toothpickmachines.com\/es\/wp-json\/wp\/v2\/media?parent=11"}],"curies":[{"name":"wp","href":"https:\/\/api.w.org\/{rel}","templated":true}]}}