{"id":9,"date":"2020-01-09T09:35:20","date_gmt":"2020-01-09T09:35:20","guid":{"rendered":"https:\/\/toothpickmachines.com\/?page_id=9"},"modified":"2020-01-14T02:01:54","modified_gmt":"2020-01-14T02:01:54","slug":"about-us","status":"publish","type":"page","link":"https:\/\/toothpickmachines.com\/es\/about-us\/","title":{"rendered":"Sobre nosotros"},"content":{"rendered":"<h2 class=\"wp-block-heading\"><strong>Perfil de Shuliy<\/strong><strong><\/strong><\/h2>    <p>Shuliy Machinery Co., Ltd. es un fabricante y proveedor profesional de maquinaria para procesamiento de madera, establecido en 2011, que se especializa en la investigaci\u00f3n y el desarrollo de maquinaria para procesamiento de palillos de dientes de madera y bamb\u00fa. Nuestros principales productos investigados y desarrollados de forma independiente incluyen la l\u00ednea de producci\u00f3n de palillos de bamb\u00fa, el equipo de procesamiento de palillos desechables, la l\u00ednea de producci\u00f3n de palillos de madera completamente autom\u00e1tica, la l\u00ednea de producci\u00f3n de palillos redondos\/cubicos y una serie de equipos de procesamiento individuales, como sierras, m\u00e1quinas cortadoras, afiladores de cuchillos, m\u00e1quina envasadora de palillos de dientes, etc.<\/p>    <div class=\"wp-block-image\"><figure class=\"aligncenter size-large is-resized\"><img fetchpriority=\"high\" decoding=\"async\" src=\"https:\/\/toothpickmachines.com\/wp-content\/uploads\/2020\/01\/Shuliy-Company.jpg\" alt=\"Compa\u00f1\u00eda Shuliy\" class=\"wp-image-231\" width=\"602\" height=\"401\" title=\"\"><figcaption>Compa\u00f1\u00eda Shuliy<\/figcaption><\/figure><\/div>    <h2 class=\"wp-block-heading\"><strong>Exhibici\u00f3n del taller de f\u00e1brica<\/strong><strong><\/strong><\/h2>    <p>Despu\u00e9s de casi diez a\u00f1os de desarrollo, nos hemos transformado gradualmente de un peque\u00f1o taller de producci\u00f3n a un fabricante profesional de equipos para palillos de dientes de tama\u00f1o mediano. Ahora nuestra f\u00e1brica tiene una s\u00f3lida capacidad de producci\u00f3n, que no solo puede garantizar que cada pedido de cada mes se entregue a tiempo, sino que tambi\u00e9n garantiza que haya una cierta cantidad de inventario en el almac\u00e9n. Tambi\u00e9n podemos procesar m\u00e1quinas de palillos de dientes personalizadas seg\u00fan las necesidades del cliente.<\/p>    <figure class=\"wp-block-gallery columns-2 is-cropped wp-block-gallery-2 is-layout-flex wp-block-gallery-is-layout-flex\"><ul class=\"blocks-gallery-grid\"><li class=\"blocks-gallery-item\"><figure><img decoding=\"async\" width=\"540\" height=\"540\" src=\"https:\/\/toothpickmachines.com\/wp-content\/uploads\/2020\/01\/commercial-toothpick-machine-plant.jpg\" alt=\"Planta comercial de m\u00e1quinas de palillos de dientes.\" data-id=\"215\" data-full-url=\"https:\/\/toothpickmachines.com\/wp-content\/uploads\/2020\/01\/commercial-toothpick-machine-plant.jpg\" data-link=\"https:\/\/toothpickmachines.com\/about-us\/commercial-toothpick-machine-plant\/\" class=\"wp-image-215\" title=\"\"><figcaption class=\"blocks-gallery-item__caption\">Planta comercial de m\u00e1quinas de palillos de dientes.<\/figcaption><\/figure><\/li><li class=\"blocks-gallery-item\"><figure><img decoding=\"async\" width=\"540\" height=\"540\" src=\"https:\/\/toothpickmachines.com\/wp-content\/uploads\/2020\/01\/toothpick-machines-manufacturer-and-supplier.jpg\" alt=\"fabricante y proveedor de m\u00e1quinas para palillos de dientes\" data-id=\"216\" data-full-url=\"https:\/\/toothpickmachines.com\/wp-content\/uploads\/2020\/01\/toothpick-machines-manufacturer-and-supplier.jpg\" data-link=\"https:\/\/toothpickmachines.com\/about-us\/toothpick-machines-manufacturer-and-supplier\/\" class=\"wp-image-216\" title=\"\"><figcaption class=\"blocks-gallery-item__caption\">fabricante y proveedor de m\u00e1quinas para palillos de dientes<\/figcaption><\/figure><\/li><\/ul><\/figure>    <figure class=\"wp-block-gallery columns-2 is-cropped wp-block-gallery-3 is-layout-flex wp-block-gallery-is-layout-flex\"><ul class=\"blocks-gallery-grid\"><li class=\"blocks-gallery-item\"><figure><img loading=\"lazy\" decoding=\"async\" width=\"720\" height=\"341\" src=\"https:\/\/toothpickmachines.com\/wp-content\/uploads\/2020\/01\/wooden-toothpick-machines-for-shipping.jpg\" alt=\"M\u00e1quinas de palillos de madera para env\u00edo.\" data-id=\"221\" data-full-url=\"https:\/\/toothpickmachines.com\/wp-content\/uploads\/2020\/01\/wooden-toothpick-machines-for-shipping.jpg\" data-link=\"https:\/\/toothpickmachines.com\/about-us\/wooden-toothpick-machines-for-shipping\/\" class=\"wp-image-221\" title=\"\"><figcaption class=\"blocks-gallery-item__caption\">M\u00e1quinas de palillos de madera para env\u00edo.<\/figcaption><\/figure><\/li><li class=\"blocks-gallery-item\"><figure><img loading=\"lazy\" decoding=\"async\" width=\"720\" height=\"405\" src=\"https:\/\/toothpickmachines.com\/wp-content\/uploads\/2020\/01\/well-packed-toothpick-maker-machine-for-sale.jpg\" alt=\"Se vende m\u00e1quina para hacer palillos de dientes bien embalada\" data-id=\"222\" data-full-url=\"https:\/\/toothpickmachines.com\/wp-content\/uploads\/2020\/01\/well-packed-toothpick-maker-machine-for-sale.jpg\" data-link=\"https:\/\/toothpickmachines.com\/about-us\/well-packed-toothpick-maker-machine-for-sale\/\" class=\"wp-image-222\" title=\"\"><figcaption class=\"blocks-gallery-item__caption\">Se vende m\u00e1quina para hacer palillos de dientes bien embalada<\/figcaption><\/figure><\/li><\/ul><\/figure>    <h2 class=\"wp-block-heading\"><strong>Visita del cliente<\/strong><strong><\/strong><\/h2>    <p>Debido al precio razonable, la tecnolog\u00eda avanzada y la alta eficiencia de producci\u00f3n de nuestra m\u00e1quina para fabricar palillos, nuestra l\u00ednea completa de producci\u00f3n de palillos de madera\/bamb\u00fa y nuestra l\u00ednea de producci\u00f3n de palillos se han exportado a muchos pa\u00edses y han creado enormes beneficios para muchos productores de palillos. En la actualidad, nuestras m\u00e1quinas comerciales para palillos de dientes se han exportado a Filipinas, Nigeria, Estados Unidos, Tanzania, India, Nepal, Malasia, Argelia, Camer\u00fan, Egipto, Francia, Ghana, Etiop\u00eda, Kenia, Emiratos \u00c1rabes Unidos, Per\u00fa, Rusia, Indonesia. Congo, Somalia, Bangladesh, etc.<\/p>    <div class=\"wp-block-image\"><figure class=\"aligncenter size-large is-resized\"><img loading=\"lazy\" decoding=\"async\" src=\"https:\/\/toothpickmachines.com\/wp-content\/uploads\/2020\/01\/customer-visiting-for-toothpick-machines-1.jpg\" alt=\"Visita al cliente para m\u00e1quinas de palillos de dientes.\" class=\"wp-image-250\" width=\"603\" height=\"754\" title=\"\"><figcaption>Visita al cliente para m\u00e1quinas de palillos de dientes.<\/figcaption><\/figure><\/div>    <h2 class=\"wp-block-heading\"><strong>\u00bfQu\u00e9 podemos hacer por ti?<\/strong><strong><\/strong><\/h2>    <ol class=\"wp-block-list\"><li>Comun\u00edquese con los clientes y analice sus necesidades a trav\u00e9s de correo electr\u00f3nico, tel\u00e9fono, Whatsapp, Wechat u otras herramientas de mensajer\u00eda instant\u00e1nea.<\/li><li>Proporcione soluciones de tecnolog\u00eda de producci\u00f3n profesionales y recomiende modelos de equipos adecuados.<\/li><li>Calcule el ciclo de retorno de la inversi\u00f3n del cliente en funci\u00f3n del presupuesto del cliente y la producci\u00f3n real.<\/li><li>Para diferentes productos y l\u00edneas de producci\u00f3n, podemos cotizar precios EXW, FOB, CFR o CIF razonables en consecuencia.<\/li><li>Podemos proporcionarle una entrega sin complicaciones, pautas detalladas de uso de la m\u00e1quina y recomendaciones de gu\u00eda de instalaci\u00f3n y mantenimiento.<\/li><\/ol>    <p><\/p>","protected":false},"excerpt":{"rendered":"<p>Shuliy Profile Shuliy Machinery Co., Ltd. is a professional wood processing machinery manufacturer and supplier, established in 2011, which specializes in the research and development of wooden toothpick and bamboo toothpick processing machinery. Our independently researched and developed main products include bamboo toothpick production line, disposable chopstick processing equipment, fully automatic wooden toothpick production line, [&hellip;]<\/p>\n","protected":false},"author":1,"featured_media":0,"parent":0,"menu_order":0,"comment_status":"closed","ping_status":"closed","template":"","meta":{"footnotes":""},"class_list":["post-9","page","type-page","status-publish","hentry"],"_links":{"self":[{"href":"https:\/\/toothpickmachines.com\/es\/wp-json\/wp\/v2\/pages\/9","targetHints":{"allow":["GET"]}}],"collection":[{"href":"https:\/\/toothpickmachines.com\/es\/wp-json\/wp\/v2\/pages"}],"about":[{"href":"https:\/\/toothpickmachines.com\/es\/wp-json\/wp\/v2\/types\/page"}],"author":[{"embeddable":true,"href":"https:\/\/toothpickmachines.com\/es\/wp-json\/wp\/v2\/users\/1"}],"replies":[{"embeddable":true,"href":"https:\/\/toothpickmachines.com\/es\/wp-json\/wp\/v2\/comments?post=9"}],"version-history":[{"count":0,"href":"https:\/\/toothpickmachines.com\/es\/wp-json\/wp\/v2\/pages\/9\/revisions"}],"wp:attachment":[{"href":"https:\/\/toothpickmachines.com\/es\/wp-json\/wp\/v2\/media?parent=9"}],"curies":[{"name":"wp","href":"https:\/\/api.w.org\/{rel}","templated":true}]}}