{"id":11,"date":"2020-01-09T09:35:36","date_gmt":"2020-01-09T09:35:36","guid":{"rendered":"https:\/\/toothpickmachines.com\/?page_id=11"},"modified":"2020-07-28T02:26:15","modified_gmt":"2020-07-28T02:26:15","slug":"contact-us","status":"publish","type":"page","link":"https:\/\/toothpickmachines.com\/fr\/contact-us\/","title":{"rendered":"Contactez-nous"},"content":{"rendered":"<h2 class=\"wp-block-heading\"><strong>D\u00e9tails du contact<\/strong><strong><\/strong><\/h2>    <p>WhatsApp | WeChat | T\u00e9l : +86 158 3819 2276<\/p>    <h2 class=\"wp-block-heading\"><strong>Adresse e-mail officielle<\/strong><strong><\/strong><\/h2>    <p><a href=\"mailto:info@toothpickmachines.com\">info@toothpickmachines.com<\/a><\/p>    <h2 class=\"wp-block-heading\"><strong>Heure de travail<\/strong><strong><\/strong><\/h2>    <p>24 heures du lundi au dimanche<\/p>    <h2 class=\"wp-block-heading\"><strong>Emplacement de la soci\u00e9t\u00e9<\/strong><strong><\/strong><\/h2>    <p>No.1394 East Hanghai Road,\u00a0Zone de d\u00e9veloppement \u00e9conomique et technologique,\u00a0Zhengzhou,\u00a0Chine<\/p>    <p class=\"translation-block\"><strong>N'h\u00e9sitez pas \u00e0 nous contacter pour toute question et solution concernant la production de cure-dents.<\/strong><\/p>    <p class=\"translation-block\"><strong>Nous vous souhaitons sinc\u00e8rement la bienvenue dans notre usine et pour n\u00e9gocier des affaires en personne.<\/strong> <\/p>    <p class=\"translation-block\"><strong>Nous esp\u00e9rons \u00e9galement pouvoir enfin parvenir \u00e0 une coop\u00e9ration, et esp\u00e9rons que nos \u00e9quipements de production de cure-dents pourront cr\u00e9er une plus grande valeur \u00e9conomique pour vous et parvenir \u00e0 une situation gagnant-gagnant mutuelle.<\/strong><\/p>","protected":false},"excerpt":{"rendered":"<p>Contact Details WhatsApp | WeChat | Tel: +86 158 3819 2276 Official Email Address info@toothpickmachines.com Working Hour 24 Hours for Monday to Sunday Company Location No.1394 East Hanghai Road,&nbsp;Economic-technological Development Area,&nbsp;Zhengzhou,&nbsp;China Please feel free to contact us for questions and solutions about toothpicks production. We sincerely welcome you to visit our factory and negotiate business [&hellip;]<\/p>\n","protected":false},"author":1,"featured_media":0,"parent":0,"menu_order":0,"comment_status":"closed","ping_status":"closed","template":"","meta":{"footnotes":""},"class_list":["post-11","page","type-page","status-publish","hentry"],"_links":{"self":[{"href":"https:\/\/toothpickmachines.com\/fr\/wp-json\/wp\/v2\/pages\/11","targetHints":{"allow":["GET"]}}],"collection":[{"href":"https:\/\/toothpickmachines.com\/fr\/wp-json\/wp\/v2\/pages"}],"about":[{"href":"https:\/\/toothpickmachines.com\/fr\/wp-json\/wp\/v2\/types\/page"}],"author":[{"embeddable":true,"href":"https:\/\/toothpickmachines.com\/fr\/wp-json\/wp\/v2\/users\/1"}],"replies":[{"embeddable":true,"href":"https:\/\/toothpickmachines.com\/fr\/wp-json\/wp\/v2\/comments?post=11"}],"version-history":[{"count":0,"href":"https:\/\/toothpickmachines.com\/fr\/wp-json\/wp\/v2\/pages\/11\/revisions"}],"wp:attachment":[{"href":"https:\/\/toothpickmachines.com\/fr\/wp-json\/wp\/v2\/media?parent=11"}],"curies":[{"name":"wp","href":"https:\/\/api.w.org\/{rel}","templated":true}]}}