{"id":9,"date":"2020-01-09T09:35:20","date_gmt":"2020-01-09T09:35:20","guid":{"rendered":"https:\/\/toothpickmachines.com\/?page_id=9"},"modified":"2020-01-14T02:01:54","modified_gmt":"2020-01-14T02:01:54","slug":"about-us","status":"publish","type":"page","link":"https:\/\/toothpickmachines.com\/fr\/about-us\/","title":{"rendered":"\u00c0 propos de nous"},"content":{"rendered":"<h2 class=\"wp-block-heading\"><strong>Profil de Shuliy<\/strong><strong><\/strong><\/h2>    <p>Shuliy Machinery Co., Ltd. est un fabricant et fournisseur professionnel de machines de transformation du bois, cr\u00e9\u00e9 en 2011, sp\u00e9cialis\u00e9 dans la recherche et le d\u00e9veloppement de machines de traitement de cure-dents en bois et de cure-dents en bambou. Nos principaux produits recherch\u00e9s et d\u00e9velopp\u00e9s ind\u00e9pendamment comprennent une ligne de production de cure-dents en bambou, un \u00e9quipement de traitement de baguettes jetables, une ligne de production de cure-dents en bois enti\u00e8rement automatique, une ligne de production de baguettes rondes\/cubes et une s\u00e9rie d'\u00e9quipements de traitement uniques, tels qu'une machine \u00e0 scier, une machine \u00e0 refendre, un aff\u00fbteur de couteaux, machine d'emballage de cure-dents, etc.<\/p>    <div class=\"wp-block-image\"><figure class=\"aligncenter size-large is-resized\"><img fetchpriority=\"high\" decoding=\"async\" src=\"https:\/\/toothpickmachines.com\/wp-content\/uploads\/2020\/01\/Shuliy-Company.jpg\" alt=\"Soci\u00e9t\u00e9 Shuliy\" class=\"wp-image-231\" width=\"602\" height=\"401\" title=\"\"><figcaption>Soci\u00e9t\u00e9 Shuliy<\/figcaption><\/figure><\/div>    <h2 class=\"wp-block-heading\"><strong>Affichage d'atelier d'usine<\/strong><strong><\/strong><\/h2>    <p>Apr\u00e8s pr\u00e8s de dix ans de d\u00e9veloppement, nous sommes progressivement pass\u00e9s d'un petit atelier de production \u00e0 un fabricant professionnel d'\u00e9quipements pour cure-dents de taille moyenne. Notre usine dispose d\u00e9sormais d'une forte capacit\u00e9 de production, ce qui peut non seulement garantir que chaque commande de chaque mois est livr\u00e9e \u00e0 temps, mais \u00e9galement garantir qu'il existe une certaine quantit\u00e9 de stock dans l'entrep\u00f4t. Nous pouvons \u00e9galement traiter des machines \u00e0 cure-dents personnalis\u00e9es en fonction des besoins du client.<\/p>    <figure class=\"wp-block-gallery columns-2 is-cropped wp-block-gallery-2 is-layout-flex wp-block-gallery-is-layout-flex\"><ul class=\"blocks-gallery-grid\"><li class=\"blocks-gallery-item\"><figure><img decoding=\"async\" width=\"540\" height=\"540\" src=\"https:\/\/toothpickmachines.com\/wp-content\/uploads\/2020\/01\/commercial-toothpick-machine-plant.jpg\" alt=\"usine commerciale de machines \u00e0 cure-dents\" data-id=\"215\" data-full-url=\"https:\/\/toothpickmachines.com\/wp-content\/uploads\/2020\/01\/commercial-toothpick-machine-plant.jpg\" data-link=\"https:\/\/toothpickmachines.com\/about-us\/commercial-toothpick-machine-plant\/\" class=\"wp-image-215\" title=\"\"><figcaption class=\"blocks-gallery-item__caption\">usine commerciale de machines \u00e0 cure-dents<\/figcaption><\/figure><\/li><li class=\"blocks-gallery-item\"><figure><img decoding=\"async\" width=\"540\" height=\"540\" src=\"https:\/\/toothpickmachines.com\/wp-content\/uploads\/2020\/01\/toothpick-machines-manufacturer-and-supplier.jpg\" alt=\"fabricant et fournisseur de machines \u00e0 cure-dents\" data-id=\"216\" data-full-url=\"https:\/\/toothpickmachines.com\/wp-content\/uploads\/2020\/01\/toothpick-machines-manufacturer-and-supplier.jpg\" data-link=\"https:\/\/toothpickmachines.com\/about-us\/toothpick-machines-manufacturer-and-supplier\/\" class=\"wp-image-216\" title=\"\"><figcaption class=\"blocks-gallery-item__caption\">fabricant et fournisseur de machines \u00e0 cure-dents<\/figcaption><\/figure><\/li><\/ul><\/figure>    <figure class=\"wp-block-gallery columns-2 is-cropped wp-block-gallery-3 is-layout-flex wp-block-gallery-is-layout-flex\"><ul class=\"blocks-gallery-grid\"><li class=\"blocks-gallery-item\"><figure><img loading=\"lazy\" decoding=\"async\" width=\"720\" height=\"341\" src=\"https:\/\/toothpickmachines.com\/wp-content\/uploads\/2020\/01\/wooden-toothpick-machines-for-shipping.jpg\" alt=\"machines \u00e0 cure-dents en bois pour l&#039;exp\u00e9dition\" data-id=\"221\" data-full-url=\"https:\/\/toothpickmachines.com\/wp-content\/uploads\/2020\/01\/wooden-toothpick-machines-for-shipping.jpg\" data-link=\"https:\/\/toothpickmachines.com\/about-us\/wooden-toothpick-machines-for-shipping\/\" class=\"wp-image-221\" title=\"\"><figcaption class=\"blocks-gallery-item__caption\">machines \u00e0 cure-dents en bois pour l'exp\u00e9dition<\/figcaption><\/figure><\/li><li class=\"blocks-gallery-item\"><figure><img loading=\"lazy\" decoding=\"async\" width=\"720\" height=\"405\" src=\"https:\/\/toothpickmachines.com\/wp-content\/uploads\/2020\/01\/well-packed-toothpick-maker-machine-for-sale.jpg\" alt=\"Machine \u00e0 fabriquer des cure-dents bien emball\u00e9e, \u00e0 vendre\" data-id=\"222\" data-full-url=\"https:\/\/toothpickmachines.com\/wp-content\/uploads\/2020\/01\/well-packed-toothpick-maker-machine-for-sale.jpg\" data-link=\"https:\/\/toothpickmachines.com\/about-us\/well-packed-toothpick-maker-machine-for-sale\/\" class=\"wp-image-222\" title=\"\"><figcaption class=\"blocks-gallery-item__caption\">Machine \u00e0 fabriquer des cure-dents bien emball\u00e9e, \u00e0 vendre<\/figcaption><\/figure><\/li><\/ul><\/figure>    <h2 class=\"wp-block-heading\"><strong>Visite client<\/strong><strong><\/strong><\/h2>    <p>En raison du prix raisonnable, de la technologie de pointe et de l'efficacit\u00e9 de production \u00e9lev\u00e9e de notre machine de fabrication de cure-dents, notre ligne de production compl\u00e8te de cure-dents en bois\/bambou et notre ligne de production de baguettes ont \u00e9t\u00e9 export\u00e9es vers de nombreux pays et ont cr\u00e9\u00e9 d'\u00e9normes avantages pour de nombreux producteurs de cure-dents. \u00c0 l'heure actuelle, nos machines commerciales pour cure-dents ont \u00e9t\u00e9 export\u00e9es vers les Philippines, le Nig\u00e9ria, les \u00c9tats-Unis, la Tanzanie, l'Inde, le N\u00e9pal, la Malaisie, l'Alg\u00e9rie, le Cameroun, l'\u00c9gypte, la France, le Ghana, l'\u00c9thiopie, le Kenya, les \u00c9mirats arabes unis, le P\u00e9rou, la Russie, l'Indon\u00e9sie, Congo, Somalie, Bangladesh, etc.<\/p>    <div class=\"wp-block-image\"><figure class=\"aligncenter size-large is-resized\"><img loading=\"lazy\" decoding=\"async\" src=\"https:\/\/toothpickmachines.com\/wp-content\/uploads\/2020\/01\/customer-visiting-for-toothpick-machines-1.jpg\" alt=\"Visite client pour machines \u00e0 cure-dents\" class=\"wp-image-250\" width=\"603\" height=\"754\" title=\"\"><figcaption>Visite client pour machines \u00e0 cure-dents<\/figcaption><\/figure><\/div>    <h2 class=\"wp-block-heading\"><strong>Que pouvons-nous faire pour vous?<\/strong><strong><\/strong><\/h2>    <ol class=\"wp-block-list\"><li>Communiquez avec les clients et analysez leurs besoins\u00a0par e-mail, t\u00e9l\u00e9phone, Whatsapp, Wechat ou d'autres outils de messagerie instantan\u00e9e.<\/li><li>Fournir des solutions technologiques de production professionnelles et recommander des mod\u00e8les d\u2019\u00e9quipement appropri\u00e9s.<\/li><li>Estimez le cycle de retour sur investissement du client en fonction de son budget et de sa production r\u00e9elle.<\/li><li>Pour diff\u00e9rents produits et lignes de production, nous pouvons proposer des prix EXW, FOB, CFR ou CIF raisonnables en cons\u00e9quence.<\/li><li>Nous pouvons vous fournir une livraison sans tracas, des directives d\u00e9taill\u00e9es d\u2019utilisation de la machine, des recommandations d\u2019installation et de maintenance.<\/li><\/ol>    <p><\/p>","protected":false},"excerpt":{"rendered":"<p>Shuliy Profile Shuliy Machinery Co., Ltd. is a professional wood processing machinery manufacturer and supplier, established in 2011, which specializes in the research and development of wooden toothpick and bamboo toothpick processing machinery. Our independently researched and developed main products include bamboo toothpick production line, disposable chopstick processing equipment, fully automatic wooden toothpick production line, [&hellip;]<\/p>\n","protected":false},"author":1,"featured_media":0,"parent":0,"menu_order":0,"comment_status":"closed","ping_status":"closed","template":"","meta":{"footnotes":""},"class_list":["post-9","page","type-page","status-publish","hentry"],"_links":{"self":[{"href":"https:\/\/toothpickmachines.com\/fr\/wp-json\/wp\/v2\/pages\/9","targetHints":{"allow":["GET"]}}],"collection":[{"href":"https:\/\/toothpickmachines.com\/fr\/wp-json\/wp\/v2\/pages"}],"about":[{"href":"https:\/\/toothpickmachines.com\/fr\/wp-json\/wp\/v2\/types\/page"}],"author":[{"embeddable":true,"href":"https:\/\/toothpickmachines.com\/fr\/wp-json\/wp\/v2\/users\/1"}],"replies":[{"embeddable":true,"href":"https:\/\/toothpickmachines.com\/fr\/wp-json\/wp\/v2\/comments?post=9"}],"version-history":[{"count":0,"href":"https:\/\/toothpickmachines.com\/fr\/wp-json\/wp\/v2\/pages\/9\/revisions"}],"wp:attachment":[{"href":"https:\/\/toothpickmachines.com\/fr\/wp-json\/wp\/v2\/media?parent=9"}],"curies":[{"name":"wp","href":"https:\/\/api.w.org\/{rel}","templated":true}]}}