{"id":11,"date":"2020-01-09T09:35:36","date_gmt":"2020-01-09T09:35:36","guid":{"rendered":"https:\/\/toothpickmachines.com\/?page_id=11"},"modified":"2020-07-28T02:26:15","modified_gmt":"2020-07-28T02:26:15","slug":"contact-us","status":"publish","type":"page","link":"https:\/\/toothpickmachines.com\/pt\/contact-us\/","title":{"rendered":"Contate-nos"},"content":{"rendered":"<h2 class=\"wp-block-heading\"><strong>Detalhes do contato<\/strong><strong><\/strong><\/h2>    <p>WhatsApp | WeChat | Tel: +86 158 3819 2276<\/p>    <h2 class=\"wp-block-heading\"><strong>Endere\u00e7o de e-mail oficial<\/strong><strong><\/strong><\/h2>    <p><a href=\"mailto:info@toothpickmachines.com\">info@toothpickmachines.com<\/a><\/p>    <h2 class=\"wp-block-heading\"><strong>Hora de trabalho<\/strong><strong><\/strong><\/h2>    <p>24 horas de segunda a domingo<\/p>    <h2 class=\"wp-block-heading\"><strong>Localiza\u00e7\u00e3o da empresa<\/strong><strong><\/strong><\/h2>    <p>No.1394 East Hanghai Road,\u00a0\u00c1rea de Desenvolvimento Econ\u00f4mico-Tecnol\u00f3gico,\u00a0Zhengzhou,\u00a0China<\/p>    <p class=\"translation-block\"><strong>Por favor, sinta-se \u00e0 vontade para nos contactar para quest\u00f5es e solu\u00e7\u00f5es sobre a produ\u00e7\u00e3o de palitos.<\/strong><\/p>    <p class=\"translation-block\"><strong>Damos-lhe as boas-vindas a visitar a nossa f\u00e1brica e a negociar neg\u00f3cios pessoalmente.<\/strong> <\/p>    <p class=\"translation-block\"><strong>Esperamos tamb\u00e9m que possamos finalmente chegar a um acordo de coopera\u00e7\u00e3o e que os nossos equipamentos de produ\u00e7\u00e3o de palitos possam criar maior valor econ\u00f3mico para si e alcan\u00e7ar uma situa\u00e7\u00e3o vantajosa para todos.<\/strong><\/p>","protected":false},"excerpt":{"rendered":"<p>Contact Details WhatsApp | WeChat | Tel: +86 158 3819 2276 Official Email Address info@toothpickmachines.com Working Hour 24 Hours for Monday to Sunday Company Location No.1394 East Hanghai Road,&nbsp;Economic-technological Development Area,&nbsp;Zhengzhou,&nbsp;China Please feel free to contact us for questions and solutions about toothpicks production. We sincerely welcome you to visit our factory and negotiate business [&hellip;]<\/p>\n","protected":false},"author":1,"featured_media":0,"parent":0,"menu_order":0,"comment_status":"closed","ping_status":"closed","template":"","meta":{"footnotes":""},"class_list":["post-11","page","type-page","status-publish","hentry"],"_links":{"self":[{"href":"https:\/\/toothpickmachines.com\/pt\/wp-json\/wp\/v2\/pages\/11","targetHints":{"allow":["GET"]}}],"collection":[{"href":"https:\/\/toothpickmachines.com\/pt\/wp-json\/wp\/v2\/pages"}],"about":[{"href":"https:\/\/toothpickmachines.com\/pt\/wp-json\/wp\/v2\/types\/page"}],"author":[{"embeddable":true,"href":"https:\/\/toothpickmachines.com\/pt\/wp-json\/wp\/v2\/users\/1"}],"replies":[{"embeddable":true,"href":"https:\/\/toothpickmachines.com\/pt\/wp-json\/wp\/v2\/comments?post=11"}],"version-history":[{"count":0,"href":"https:\/\/toothpickmachines.com\/pt\/wp-json\/wp\/v2\/pages\/11\/revisions"}],"wp:attachment":[{"href":"https:\/\/toothpickmachines.com\/pt\/wp-json\/wp\/v2\/media?parent=11"}],"curies":[{"name":"wp","href":"https:\/\/api.w.org\/{rel}","templated":true}]}}