{"id":7,"date":"2020-01-09T09:35:07","date_gmt":"2020-01-09T09:35:07","guid":{"rendered":"https:\/\/toothpickmachines.com\/?page_id=7"},"modified":"2024-11-07T15:54:57","modified_gmt":"2024-11-07T07:54:57","slug":"homepage","status":"publish","type":"page","link":"https:\/\/toothpickmachines.com\/pt\/","title":{"rendered":"Pagina inicial"},"content":{"rendered":"<div data-elementor-type=\"wp-page\" data-elementor-id=\"7\" class=\"elementor elementor-7\" data-elementor-post-type=\"page\"> \t\t\t\t<div class=\"elementor-element elementor-element-dc37395 e-con-full e-flex e-con e-parent\" data-id=\"dc37395\" data-element_type=\"container\" data-e-type=\"container\" data-settings=\"{&quot;background_background&quot;:&quot;classic&quot;,&quot;animation&quot;:&quot;none&quot;}\"> \t\t\t\t<div class=\"elementor-element elementor-element-2900481 elementor-invisible elementor-widget elementor-widget-heading\" data-id=\"2900481\" data-element_type=\"widget\" data-e-type=\"widget\" data-settings=\"{&quot;_animation&quot;:&quot;fadeInUp&quot;,&quot;_animation_delay&quot;:100}\" data-widget_type=\"heading.default\"> \t\t\t\t\t<h1 class=\"elementor-heading-title elementor-size-default\">Fornecedor de equipamentos para vara de madeira com vara de bambu<\/h1>\t\t\t\t<\/div> \t\t\t\t<div class=\"elementor-element elementor-element-8d0b63d elementor-invisible elementor-widget elementor-widget-heading\" data-id=\"8d0b63d\" data-element_type=\"widget\" data-e-type=\"widget\" data-settings=\"{&quot;_animation&quot;:&quot;fadeInUp&quot;,&quot;_animation_delay&quot;:500}\" data-widget_type=\"heading.default\"> \t\t\t\t\t<h2 class=\"elementor-heading-title elementor-size-xxl\">Shuliy\u00ae equipamentos de m\u00e1quinas co. LTDA<\/h2>\t\t\t\t<\/div> \t\t\t\t<\/div> \t\t<div class=\"elementor-element elementor-element-f71cfab e-flex e-con-boxed e-con e-parent\" data-id=\"f71cfab\" data-element_type=\"container\" data-e-type=\"container\"> \t\t\t\t\t<div class=\"e-con-inner\"> \t\t\t\t<div class=\"elementor-element elementor-element-ca1086c elementor-widget elementor-widget-heading\" data-id=\"ca1086c\" data-element_type=\"widget\" data-e-type=\"widget\" data-widget_type=\"heading.default\"> \t\t\t\t\t<h2 class=\"elementor-heading-title elementor-size-default\">Nossas vantagens<\/h2>\t\t\t\t<\/div> \t\t\t\t<div class=\"elementor-element elementor-element-b335e44 elementor-widget-divider--view-line elementor-widget elementor-widget-divider\" data-id=\"b335e44\" data-element_type=\"widget\" data-e-type=\"widget\" data-widget_type=\"divider.default\"> \t\t\t\t\t\t\t<div class=\"elementor-divider\"> \t\t\t<span class=\"elementor-divider-separator\"> \t\t\t\t\t\t<\/span> \t\t<\/div> \t\t\t\t\t\t<\/div> \t\t\t\t\t<\/div> \t\t\t\t<\/div> \t\t<div class=\"elementor-element elementor-element-2c13408 e-flex e-con-boxed e-con e-parent\" data-id=\"2c13408\" data-element_type=\"container\" data-e-type=\"container\"> \t\t\t\t\t<div class=\"e-con-inner\"> \t\t\t\t<div class=\"elementor-element elementor-element-65a145e elementor-widget__width-initial elementor-view-default elementor-position-block-start elementor-mobile-position-block-start elementor-widget elementor-widget-icon-box\" data-id=\"65a145e\" data-element_type=\"widget\" data-e-type=\"widget\" data-widget_type=\"icon-box.default\"> \t\t\t\t\t\t\t<div class=\"elementor-icon-box-wrapper\">  \t\t\t\t\t\t<div class=\"elementor-icon-box-icon\"> \t\t\t\t<span  class=\"elementor-icon\"> \t\t\t\t<svg aria-hidden=\"true\" class=\"e-font-icon-svg e-fab-whmcs\" viewbox=\"0 0 448 512\" xmlns=\"http:\/\/www.w3.org\/2000\/svg\"><path d=\"M448 161v-21.3l-28.5-8.8-2.2-10.4 20.1-20.7L427 80.4l-29 7.5-7.2-7.5 7.5-28.2-19.1-11.6-21.3 21-10.7-3.2-7-26.4h-22.6l-6.2 26.4-12.1 3.2-19.7-21-19.4 11 8.1 27.7-8.1 8.4-28.5-7.5-11 19.1 20.7 21-2.9 10.4-28.5 7.8-.3 21.7 28.8 7.5 2.4 12.1-20.1 19.9 10.4 18.5 29.6-7.5 7.2 8.6-8.1 26.9 19.9 11.6 19.4-20.4 11.6 2.9 6.7 28.5 22.6.3 6.7-28.8 11.6-3.5 20.7 21.6 20.4-12.1-8.8-28 7.8-8.1 28.8 8.8 10.3-20.1-20.9-18.8 2.2-12.1 29.1-7zm-119.2 45.2c-31.3 0-56.8-25.4-56.8-56.8s25.4-56.8 56.8-56.8 56.8 25.4 56.8 56.8c0 31.5-25.4 56.8-56.8 56.8zm72.3 16.4l46.9 14.5V277l-55.1 13.4-4.1 22.7 38.9 35.3-19.2 37.9-54-16.7-14.6 15.2 16.7 52.5-38.3 22.7-38.9-40.5-21.7 6.6-12.6 54-42.4-.5-12.6-53.6-21.7-5.6-36.4 38.4-37.4-21.7 15.2-50.5-13.7-16.1-55.5 14.1-19.7-34.8 37.9-37.4-4.8-22.8-54-14.1.5-40.9L54 219.9l5.7-19.7-38.9-39.4L41.5 125l53.6 14.1 15.2-15.7-15.2-52 36.4-20.7 36.8 39.4L191 84l11.6-52H245l11.6 45.9L234 72l-6.3-1.7-3.3 5.7-11 19.1-3.3 5.6 4.6 4.6 17.2 17.4-.3 1-23.8 6.5-6.2 1.7-.1 6.4-.2 12.9C153.8 161.6 118 204 118 254.7c0 58.3 47.3 105.7 105.7 105.7 50.5 0 92.7-35.4 103.2-82.8l13.2.2 6.9.1 1.6-6.7 5.6-24 1.9-.6 17.1 17.8 4.7 4.9 5.8-3.4 20.4-12.1 5.8-3.5-2-6.5-6.8-21.2z\"><\/path><\/svg>\t\t\t\t<\/span> \t\t\t<\/div> \t\t\t \t\t\t\t\t\t<div class=\"elementor-icon-box-content\">  \t\t\t\t\t\t\t\t\t<h3 class=\"elementor-icon-box-title\"> \t\t\t\t\t\t<span  > \t\t\t\t\t\t\tM\u00e1quinas incr\u00edveis\t\t\t\t\t\t<\/span> \t\t\t\t\t<\/h3> \t\t\t\t \t\t\t\t \t\t\t<\/div> \t\t\t \t\t<\/div> \t\t\t\t\t\t<\/div> \t\t\t\t<div class=\"elementor-element elementor-element-ad012af elementor-widget__width-initial elementor-view-default elementor-position-block-start elementor-mobile-position-block-start elementor-widget elementor-widget-icon-box\" data-id=\"ad012af\" data-element_type=\"widget\" data-e-type=\"widget\" data-widget_type=\"icon-box.default\"> \t\t\t\t\t\t\t<div class=\"elementor-icon-box-wrapper\">  \t\t\t\t\t\t<div class=\"elementor-icon-box-icon\"> \t\t\t\t<span  class=\"elementor-icon\"> \t\t\t\t<svg aria-hidden=\"true\" class=\"e-font-icon-svg e-far-file-pdf\" viewbox=\"0 0 384 512\" xmlns=\"http:\/\/www.w3.org\/2000\/svg\"><path d=\"M369.9 97.9L286 14C277 5 264.8-.1 252.1-.1H48C21.5 0 0 21.5 0 48v416c0 26.5 21.5 48 48 48h288c26.5 0 48-21.5 48-48V131.9c0-12.7-5.1-25-14.1-34zM332.1 128H256V51.9l76.1 76.1zM48 464V48h160v104c0 13.3 10.7 24 24 24h104v288H48zm250.2-143.7c-12.2-12-47-8.7-64.4-6.5-17.2-10.5-28.7-25-36.8-46.3 3.9-16.1 10.1-40.6 5.4-56-4.2-26.2-37.8-23.6-42.6-5.9-4.4 16.1-.4 38.5 7 67.1-10 23.9-24.9 56-35.4 74.4-20 10.3-47 26.2-51 46.2-3.3 15.8 26 55.2 76.1-31.2 22.4-7.4 46.8-16.5 68.4-20.1 18.9 10.2 41 17 55.8 17 25.5 0 28-28.2 17.5-38.7zm-198.1 77.8c5.1-13.7 24.5-29.5 30.4-35-19 30.3-30.4 35.7-30.4 35zm81.6-190.6c7.4 0 6.7 32.1 1.8 40.8-4.4-13.9-4.3-40.8-1.8-40.8zm-24.4 136.6c9.7-16.9 18-37 24.7-54.7 8.3 15.1 18.9 27.2 30.1 35.5-20.8 4.3-38.9 13.1-54.8 19.2zm131.6-5s-5 6-37.3-7.8c35.1-2.6 40.9 5.4 37.3 7.8z\"><\/path><\/svg>\t\t\t\t<\/span> \t\t\t<\/div> \t\t\t \t\t\t\t\t\t<div class=\"elementor-icon-box-content\">  \t\t\t\t\t\t\t\t\t<h3 class=\"elementor-icon-box-title\"> \t\t\t\t\t\t<span  > \t\t\t\t\t\t\tSolu\u00e7\u00f5es Personalizadas\t\t\t\t\t\t<\/span> \t\t\t\t\t<\/h3> \t\t\t\t \t\t\t\t \t\t\t<\/div> \t\t\t \t\t<\/div> \t\t\t\t\t\t<\/div> \t\t\t\t<div class=\"elementor-element elementor-element-638a7a1 elementor-widget__width-initial elementor-view-default elementor-position-block-start elementor-mobile-position-block-start elementor-widget elementor-widget-icon-box\" data-id=\"638a7a1\" data-element_type=\"widget\" data-e-type=\"widget\" data-widget_type=\"icon-box.default\"> \t\t\t\t\t\t\t<div class=\"elementor-icon-box-wrapper\">  \t\t\t\t\t\t<div class=\"elementor-icon-box-icon\"> \t\t\t\t<span  class=\"elementor-icon\"> \t\t\t\t<svg aria-hidden=\"true\" class=\"e-font-icon-svg e-fas-project-diagram\" viewbox=\"0 0 640 512\" xmlns=\"http:\/\/www.w3.org\/2000\/svg\"><path d=\"M384 320H256c-17.67 0-32 14.33-32 32v128c0 17.67 14.33 32 32 32h128c17.67 0 32-14.33 32-32V352c0-17.67-14.33-32-32-32zM192 32c0-17.67-14.33-32-32-32H32C14.33 0 0 14.33 0 32v128c0 17.67 14.33 32 32 32h95.72l73.16 128.04C211.98 300.98 232.4 288 256 288h.28L192 175.51V128h224V64H192V32zM608 0H480c-17.67 0-32 14.33-32 32v128c0 17.67 14.33 32 32 32h128c17.67 0 32-14.33 32-32V32c0-17.67-14.33-32-32-32z\"><\/path><\/svg>\t\t\t\t<\/span> \t\t\t<\/div> \t\t\t \t\t\t\t\t\t<div class=\"elementor-icon-box-content\">  \t\t\t\t\t\t\t\t\t<h3 class=\"elementor-icon-box-title\"> \t\t\t\t\t\t<span  > \t\t\t\t\t\t\tConsultoria\t\t\t\t\t\t<\/span> \t\t\t\t\t<\/h3> \t\t\t\t \t\t\t\t \t\t\t<\/div> \t\t\t \t\t<\/div> \t\t\t\t\t\t<\/div> \t\t\t\t\t<\/div> \t\t\t\t<\/div> \t\t<div class=\"elementor-element elementor-element-c2392d3 e-flex e-con-boxed e-con e-parent\" data-id=\"c2392d3\" data-element_type=\"container\" data-e-type=\"container\" data-settings=\"{&quot;background_background&quot;:&quot;classic&quot;,&quot;shape_divider_top&quot;:&quot;tilt&quot;,&quot;shape_divider_bottom&quot;:&quot;tilt&quot;}\"> \t\t\t\t\t<div class=\"e-con-inner\"> \t\t\t\t<div class=\"elementor-shape elementor-shape-top\" aria-hidden=\"true\" data-negative=\"false\"> \t\t\t<svg xmlns=\"http:\/\/www.w3.org\/2000\/svg\" viewbox=\"0 0 1000 100\" preserveaspectratio=\"none\"> \t<path class=\"elementor-shape-fill\" d=\"M0,6V0h1000v100L0,6z\"\/> <\/svg>\t\t<\/div> \t\t\t\t<div class=\"elementor-shape elementor-shape-bottom\" aria-hidden=\"true\" data-negative=\"false\"> \t\t\t<svg xmlns=\"http:\/\/www.w3.org\/2000\/svg\" viewbox=\"0 0 1000 100\" preserveaspectratio=\"none\"> \t<path class=\"elementor-shape-fill\" d=\"M0,6V0h1000v100L0,6z\"\/> <\/svg>\t\t<\/div> \t\t\t\t<div class=\"elementor-element elementor-element-2b997d3 elementor-widget elementor-widget-heading\" data-id=\"2b997d3\" data-element_type=\"widget\" data-e-type=\"widget\" data-widget_type=\"heading.default\"> \t\t\t\t\t<h2 class=\"elementor-heading-title elementor-size-default\">Nossas M\u00e1quinas<\/h2>\t\t\t\t<\/div> \t\t\t\t<div class=\"elementor-element elementor-element-ce43092 elementor-widget-divider--view-line elementor-widget elementor-widget-divider\" data-id=\"ce43092\" data-element_type=\"widget\" data-e-type=\"widget\" data-widget_type=\"divider.default\"> \t\t\t\t\t\t\t<div class=\"elementor-divider\"> \t\t\t<span class=\"elementor-divider-separator\"> \t\t\t\t\t\t<\/span> \t\t<\/div> \t\t\t\t\t\t<\/div> \t\t\t\t<div class=\"elementor-element elementor-element-b2d6c6a elementor-posts--align-center elementor-grid-3 elementor-grid-tablet-2 elementor-grid-mobile-1 elementor-posts--thumbnail-top elementor-card-shadow-yes elementor-posts__hover-gradient elementor-widget elementor-widget-posts\" data-id=\"b2d6c6a\" data-element_type=\"widget\" data-e-type=\"widget\" data-settings=\"{&quot;cards_columns&quot;:&quot;3&quot;,&quot;cards_columns_tablet&quot;:&quot;2&quot;,&quot;cards_columns_mobile&quot;:&quot;1&quot;,&quot;cards_row_gap&quot;:{&quot;unit&quot;:&quot;px&quot;,&quot;size&quot;:35,&quot;sizes&quot;:[]},&quot;cards_row_gap_tablet&quot;:{&quot;unit&quot;:&quot;px&quot;,&quot;size&quot;:&quot;&quot;,&quot;sizes&quot;:[]},&quot;cards_row_gap_mobile&quot;:{&quot;unit&quot;:&quot;px&quot;,&quot;size&quot;:&quot;&quot;,&quot;sizes&quot;:[]}}\" data-widget_type=\"posts.cards\"> \t\t\t\t<div class=\"elementor-widget-container\"> \t\t\t\t\t\t\t<div class=\"elementor-posts-container elementor-posts elementor-posts--skin-cards elementor-grid\" role=\"list\"> \t\t\t\t<article class=\"elementor-post elementor-grid-item post-451 post type-post status-publish format-standard has-post-thumbnail hentry category-production-line tag-toothpick-machinery tag-wood-toothpick-production-line\" role=\"listitem\"> \t\t\t<div class=\"elementor-post__card\"> \t\t\t\t<a class=\"elementor-post__thumbnail__link\" href=\"https:\/\/toothpickmachines.com\/pt\/wood-toothpick-production-line-toothpick-machinery-for-sale\/\" tabindex=\"-1\" ><div class=\"elementor-post__thumbnail\"><img fetchpriority=\"high\" decoding=\"async\" width=\"720\" height=\"540\" src=\"https:\/\/toothpickmachines.com\/wp-content\/uploads\/2020\/03\/Commercial-wood-toothpick-production-line.jpg\" class=\"attachment-medium_large size-medium_large wp-image-453\" alt=\"Linha de produ\u00e7\u00e3o comercial de palito de madeira\" title=\"\"><\/div><\/a> \t\t\t\t<div class=\"elementor-post__text\"> \t\t\t\t<h2 class=\"elementor-post__title\"> \t\t\t<a href=\"https:\/\/toothpickmachines.com\/pt\/wood-toothpick-production-line-toothpick-machinery-for-sale\/\" > \t\t\t\tLinha de produ\u00e7\u00e3o de palitos de madeira | M\u00e1quinas para palitos de dente \u00e0 venda\t\t\t<\/a> \t\t<\/h2> \t\t\t\t<div class=\"elementor-post__excerpt\"> \t\t\t<p>A linha de produ\u00e7\u00e3o de palitos de madeira em grande escala \u00e9 composta por todo o conjunto de m\u00e1quinas para palitos, que \u00e9 um processo de produ\u00e7\u00e3o completo para a fabrica\u00e7\u00e3o de palitos de madeira. Como s\u00e3o feitos os palitos de dente? E fazer palitos de madeira para fins comerciais? Aqui, n\u00f3s, fabricante e fornecedor de m\u00e1quina de palito de dente Shuliy, compartilharemos com voc\u00ea o conhecimento geral sobre o processamento de palitos de madeira em grandes quantidades.<\/p> \t\t<\/div> \t\t\t\t<\/div> \t\t\t\t\t<\/div> \t\t<\/article> \t\t\t\t<article class=\"elementor-post elementor-grid-item post-442 post type-post status-publish format-standard has-post-thumbnail hentry category-main-machines tag-timber-sheets-making-machine tag-wood-sheets-making-machine tag-wood-slicer-machine\" role=\"listitem\"> \t\t\t<div class=\"elementor-post__card\"> \t\t\t\t<a class=\"elementor-post__thumbnail__link\" href=\"https:\/\/toothpickmachines.com\/pt\/wood-slicer-machine-timber-sheets-making-machine\/\" tabindex=\"-1\" ><div class=\"elementor-post__thumbnail\"><img decoding=\"async\" width=\"768\" height=\"801\" src=\"https:\/\/toothpickmachines.com\/wp-content\/uploads\/2020\/03\/wood-slicer-machine-sheets-making-machine-768x801.jpg\" class=\"attachment-medium_large size-medium_large wp-image-443\" alt=\"m\u00e1quina de fatiar madeira m\u00e1quina de fazer folhas\" srcset=\"https:\/\/toothpickmachines.com\/wp-content\/uploads\/2020\/03\/wood-slicer-machine-sheets-making-machine-768x801.jpg 768w, https:\/\/toothpickmachines.com\/wp-content\/uploads\/2020\/03\/wood-slicer-machine-sheets-making-machine.jpg 1421w\" sizes=\"(max-width: 768px) 100vw, 768px\" title=\"\"><\/div><\/a> \t\t\t\t<div class=\"elementor-post__text\"> \t\t\t\t<h2 class=\"elementor-post__title\"> \t\t\t<a href=\"https:\/\/toothpickmachines.com\/pt\/wood-slicer-machine-timber-sheets-making-machine\/\" > \t\t\t\tM\u00e1quina cortadora de madeira | M\u00e1quina para fazer folhas de madeira\t\t\t<\/a> \t\t<\/h2> \t\t\t\t<div class=\"elementor-post__excerpt\"> \t\t\t<p>A m\u00e1quina cortadora el\u00e9trica de madeira, bem como a m\u00e1quina para fazer chapas de madeira, que \u00e9 o equipamento necess\u00e1rio para fazer palitos de madeira na madeira<\/p> \t\t<\/div> \t\t\t\t<\/div> \t\t\t\t\t<\/div> \t\t<\/article> \t\t\t\t<article class=\"elementor-post elementor-grid-item post-393 post type-post status-publish format-standard has-post-thumbnail hentry category-main-machines tag-bbq-stick-polishing-machine\" role=\"listitem\"> \t\t\t<div class=\"elementor-post__card\"> \t\t\t\t<a class=\"elementor-post__thumbnail__link\" href=\"https:\/\/toothpickmachines.com\/pt\/bbq-stick-polishing-machine\/\" tabindex=\"-1\" ><div class=\"elementor-post__thumbnail\"><img decoding=\"async\" width=\"608\" height=\"540\" src=\"https:\/\/toothpickmachines.com\/wp-content\/uploads\/2020\/01\/automatic-BBQ-stick-polishing-machine.jpg\" class=\"attachment-medium_large size-medium_large wp-image-394\" alt=\"m\u00e1quina autom\u00e1tica de polimento de palitos para churrasco\" title=\"\"><\/div><\/a> \t\t\t\t<div class=\"elementor-post__text\"> \t\t\t\t<h2 class=\"elementor-post__title\"> \t\t\t<a href=\"https:\/\/toothpickmachines.com\/pt\/bbq-stick-polishing-machine\/\" > \t\t\t\tM\u00e1quina de polimento de palito para churrasco\t\t\t<\/a> \t\t<\/h2> \t\t\t\t<div class=\"elementor-post__excerpt\"> \t\t\t<p>Esta m\u00e1quina de polir palitos para churrasco \u00e9 o equipamento polidor comumente usado para palitos de bambu e palitos de madeira. A m\u00e1quina de polir palitos de churrasco pode ser usada<\/p> \t\t<\/div> \t\t\t\t<\/div> \t\t\t\t\t<\/div> \t\t<\/article> \t\t\t\t<article class=\"elementor-post elementor-grid-item post-381 post type-post status-publish format-standard has-post-thumbnail hentry category-main-machines tag-toothpick-polisher-machine tag-toothpick-polishing-machine\" role=\"listitem\"> \t\t\t<div class=\"elementor-post__card\"> \t\t\t\t<a class=\"elementor-post__thumbnail__link\" href=\"https:\/\/toothpickmachines.com\/pt\/maquina-de-polir-palito\/\" tabindex=\"-1\" ><div class=\"elementor-post__thumbnail\"><img loading=\"lazy\" decoding=\"async\" width=\"623\" height=\"540\" src=\"https:\/\/toothpickmachines.com\/wp-content\/uploads\/2020\/01\/efficient-toothpick-polishing-machine.jpg\" class=\"attachment-medium_large size-medium_large wp-image-382\" alt=\"m\u00e1quina polidora de palito eficiente\" title=\"\"><\/div><\/a> \t\t\t\t<div class=\"elementor-post__text\"> \t\t\t\t<h2 class=\"elementor-post__title\"> \t\t\t<a href=\"https:\/\/toothpickmachines.com\/pt\/maquina-de-polir-palito\/\" > \t\t\t\tM\u00e1quina de polimento de palito\t\t\t<\/a> \t\t<\/h2> \t\t\t\t<div class=\"elementor-post__excerpt\"> \t\t\t<p>A m\u00e1quina polidora de palitos \u00e9 usada principalmente para polir palitos de madeira ou palitos de bambu nas plantas semiautom\u00e1ticas de processamento de palitos. Este polidor de palito el\u00e9trico<\/p> \t\t<\/div> \t\t\t\t<\/div> \t\t\t\t\t<\/div> \t\t<\/article> \t\t\t\t<article class=\"elementor-post elementor-grid-item post-377 post type-post status-publish format-standard has-post-thumbnail hentry category-main-machines tag-toothpick-sharpener tag-toothpick-sharpening-machine\" role=\"listitem\"> \t\t\t<div class=\"elementor-post__card\"> \t\t\t\t<a class=\"elementor-post__thumbnail__link\" href=\"https:\/\/toothpickmachines.com\/pt\/maquina-de-afiar-palitos\/\" tabindex=\"-1\" ><div class=\"elementor-post__thumbnail\"><img loading=\"lazy\" decoding=\"async\" width=\"580\" height=\"540\" src=\"https:\/\/toothpickmachines.com\/wp-content\/uploads\/2020\/01\/automatic-toothpick-sharpening-machine.jpg\" class=\"attachment-medium_large size-medium_large wp-image-378\" alt=\"m\u00e1quina autom\u00e1tica de afiar palitos\" title=\"\"><\/div><\/a> \t\t\t\t<div class=\"elementor-post__text\"> \t\t\t\t<h2 class=\"elementor-post__title\"> \t\t\t<a href=\"https:\/\/toothpickmachines.com\/pt\/maquina-de-afiar-palitos\/\" > \t\t\t\tM\u00e1quina de afiar palitos\t\t\t<\/a> \t\t<\/h2> \t\t\t\t<div class=\"elementor-post__excerpt\"> \t\t\t<p>A m\u00e1quina de afiar palitos \u00e9 usada para afiar uma ou ambas as pontas dos palitos de bambu ou madeira. Este palito comercial<\/p> \t\t<\/div> \t\t\t\t<\/div> \t\t\t\t\t<\/div> \t\t<\/article> \t\t\t\t<article class=\"elementor-post elementor-grid-item post-372 post type-post status-publish format-standard has-post-thumbnail hentry category-main-machines tag-toothpick-set-size-machine tag-toothpick-sizing-machine\" role=\"listitem\"> \t\t\t<div class=\"elementor-post__card\"> \t\t\t\t<a class=\"elementor-post__thumbnail__link\" href=\"https:\/\/toothpickmachines.com\/pt\/toothpick-set-size-machine-sizing-machine\/\" tabindex=\"-1\" ><div class=\"elementor-post__thumbnail\"><img loading=\"lazy\" decoding=\"async\" width=\"627\" height=\"540\" src=\"https:\/\/toothpickmachines.com\/wp-content\/uploads\/2020\/01\/electric-toothpick-set-size-machine.jpg\" class=\"attachment-medium_large size-medium_large wp-image-373\" alt=\"m\u00e1quina de tamanho de conjunto de palito el\u00e9trico\" title=\"\"><\/div><\/a> \t\t\t\t<div class=\"elementor-post__text\"> \t\t\t\t<h2 class=\"elementor-post__title\"> \t\t\t<a href=\"https:\/\/toothpickmachines.com\/pt\/toothpick-set-size-machine-sizing-machine\/\" > \t\t\t\tM\u00e1quina de tamanho de palito de dente | M\u00e1quina de dimensionamento\t\t\t<\/a> \t\t<\/h2> \t\t\t\t<div class=\"elementor-post__excerpt\"> \t\t\t<p>A m\u00e1quina para fazer palitos curtos (m\u00e1quina de tamanho de conjunto de palitos de madeira ou bambu) \u00e9 usada principalmente para cortar palitos longos em palitos pequenos com um determinado comprimento<\/p> \t\t<\/div> \t\t\t\t<\/div> \t\t\t\t\t<\/div> \t\t<\/article> \t\t\t\t<\/div> \t\t \t\t\t\t\t\t<\/div> \t\t\t\t<\/div> \t\t\t\t\t<\/div> \t\t\t\t<\/div> \t\t<div class=\"elementor-element elementor-element-d6e6d12 e-flex e-con-boxed e-con e-parent\" data-id=\"d6e6d12\" data-element_type=\"container\" data-e-type=\"container\"> \t\t\t\t\t<div class=\"e-con-inner\"> \t\t\t\t<div class=\"elementor-element elementor-element-dd39ddb elementor-widget elementor-widget-heading\" data-id=\"dd39ddb\" data-element_type=\"widget\" data-e-type=\"widget\" data-widget_type=\"heading.default\"> \t\t\t\t\t<h2 class=\"elementor-heading-title elementor-size-default\">Not\u00edcias Shuliy<\/h2>\t\t\t\t<\/div> \t\t\t\t<div class=\"elementor-element elementor-element-a7c288a elementor-widget-divider--view-line elementor-widget elementor-widget-divider\" data-id=\"a7c288a\" data-element_type=\"widget\" data-e-type=\"widget\" data-widget_type=\"divider.default\"> \t\t\t\t\t\t\t<div class=\"elementor-divider\"> \t\t\t<span class=\"elementor-divider-separator\"> \t\t\t\t\t\t<\/span> \t\t<\/div> \t\t\t\t\t\t<\/div> \t\t\t\t<div class=\"elementor-element elementor-element-ec25d99 elementor-grid-4 elementor-posts--thumbnail-none elementor-grid-tablet-2 elementor-grid-mobile-1 elementor-widget elementor-widget-posts\" data-id=\"ec25d99\" data-element_type=\"widget\" data-e-type=\"widget\" data-settings=\"{&quot;classic_columns&quot;:&quot;4&quot;,&quot;classic_columns_tablet&quot;:&quot;2&quot;,&quot;classic_columns_mobile&quot;:&quot;1&quot;,&quot;classic_row_gap&quot;:{&quot;unit&quot;:&quot;px&quot;,&quot;size&quot;:35,&quot;sizes&quot;:[]},&quot;classic_row_gap_tablet&quot;:{&quot;unit&quot;:&quot;px&quot;,&quot;size&quot;:&quot;&quot;,&quot;sizes&quot;:[]},&quot;classic_row_gap_mobile&quot;:{&quot;unit&quot;:&quot;px&quot;,&quot;size&quot;:&quot;&quot;,&quot;sizes&quot;:[]}}\" data-widget_type=\"posts.classic\"> \t\t\t\t<div class=\"elementor-widget-container\"> \t\t\t\t\t\t\t<div class=\"elementor-posts-container elementor-posts elementor-posts--skin-classic elementor-grid\" role=\"list\"> \t\t\t\t<article class=\"elementor-post elementor-grid-item post-494 post type-post status-publish format-standard has-post-thumbnail hentry category-news tag-machines tag-toothpick tag-turkey\" role=\"listitem\"> \t\t\t\t<div class=\"elementor-post__text\"> \t\t\t\t<h3 class=\"elementor-post__title\"> \t\t\t<a href=\"https:\/\/toothpickmachines.com\/pt\/turkey-toothpick-machines-were-shipped\/\" > \t\t\t\tM\u00e1quinas de palito de peru foram enviadas\t\t\t<\/a> \t\t<\/h3> \t\t\t\t<div class=\"elementor-post__meta-data\"> \t\t\t\t\t<span class=\"elementor-post-date\"> \t\t\t2020-04-30\t\t<\/span> \t\t\t\t<\/div> \t\t\t\t<div class=\"elementor-post__excerpt\"> \t\t\t<p>Com o uso crescente de palitos na vida, sua demanda no mercado tamb\u00e9m aumenta, o que, claro, tamb\u00e9m impulsionou o desenvolvimento de m\u00e1quinas de palitos.<\/p> \t\t<\/div> \t\t\t\t<\/div> \t\t\t\t<\/article> \t\t\t\t<article class=\"elementor-post elementor-grid-item post-490 post type-post status-publish format-standard has-post-thumbnail hentry category-news tag-bamboo tag-machine tag-making tag-nigeria tag-toothpick\" role=\"listitem\"> \t\t\t\t<div class=\"elementor-post__text\"> \t\t\t\t<h3 class=\"elementor-post__title\"> \t\t\t<a href=\"https:\/\/toothpickmachines.com\/pt\/a-complete-set-of-bamboo-toothpick-making-machines-are-sold-to-nigeria\/\" > \t\t\t\tUm conjunto completo de m\u00e1quinas para fazer palitos de bambu \u00e9 vendido para a Nig\u00e9ria\t\t\t<\/a> \t\t<\/h3> \t\t\t\t<div class=\"elementor-post__meta-data\"> \t\t\t\t\t<span class=\"elementor-post-date\"> \t\t\t2020-04-29\t\t<\/span> \t\t\t\t<\/div> \t\t\t\t<div class=\"elementor-post__excerpt\"> \t\t\t<p>Recentemente, assinamos um pedido de um conjunto completo de m\u00e1quinas para fazer palitos de bambu com um cliente na Nig\u00e9ria. Al\u00e9m da linha completa de produ\u00e7\u00e3o de palitos de bambu, o cliente tamb\u00e9m adquiriu um apontador multifuncional. Esperamos enviar aos clientes no pr\u00f3ximo m\u00eas.<\/p> \t\t<\/div> \t\t\t\t<\/div> \t\t\t\t<\/article> \t\t\t\t<article class=\"elementor-post elementor-grid-item post-472 post type-post status-publish format-standard has-post-thumbnail hentry category-news tag-bamboo tag-bbq tag-sticks\" role=\"listitem\"> \t\t\t\t<div class=\"elementor-post__text\"> \t\t\t\t<h3 class=\"elementor-post__title\"> \t\t\t<a href=\"https:\/\/toothpickmachines.com\/pt\/how-to-make-the-bamboo-sticks-for-the-barbecue\/\" > \t\t\t\tComo fazer palitos de bambu para churrasco?\t\t\t<\/a> \t\t<\/h3> \t\t\t\t<div class=\"elementor-post__meta-data\"> \t\t\t\t\t<span class=\"elementor-post-date\"> \t\t\t2020-03-20\t\t<\/span> \t\t\t\t<\/div> \t\t\t\t<div class=\"elementor-post__excerpt\"> \t\t\t<p>O palito de churrasco \u00e9 um acess\u00f3rio essencial. Os palitos de churrasco podem ser de ferro, bambu e madeira. Muitos investidores sempre nos fazem essa pergunta: como fazer palitos de bambu para churrasco? Hoje, n\u00f3s, m\u00e1quinas de palito Shuliy, daremos as respostas aqui.<\/p> \t\t<\/div> \t\t\t\t<\/div> \t\t\t\t<\/article> \t\t\t\t<article class=\"elementor-post elementor-grid-item post-469 post type-post status-publish format-standard has-post-thumbnail hentry category-news tag-precautions tag-toothpick tag-using\" role=\"listitem\"> \t\t\t\t<div class=\"elementor-post__text\"> \t\t\t\t<h3 class=\"elementor-post__title\"> \t\t\t<a href=\"https:\/\/toothpickmachines.com\/pt\/dangers-of-incorrect-use-of-toothpicks\/\" > \t\t\t\tPerigos do uso incorreto de palitos de dente\t\t\t<\/a> \t\t<\/h3> \t\t\t\t<div class=\"elementor-post__meta-data\"> \t\t\t\t\t<span class=\"elementor-post-date\"> \t\t\t2020-03-20\t\t<\/span> \t\t\t\t<\/div> \t\t\t\t<div class=\"elementor-post__excerpt\"> \t\t\t<p>Embora os palitos sejam muito utilizados no dia a dia, no processo de produ\u00e7\u00e3o dos palitos, se voc\u00ea n\u00e3o prestar aten\u00e7\u00e3o \u00e0 higiene, pode facilmente causar polui\u00e7\u00e3o aos produtos dos palitos. Portanto, na maioria das f\u00e1bricas de processamento de palitos, uma boa m\u00e1quina de palitos pode n\u00e3o apenas melhorar a efici\u00eancia da produ\u00e7\u00e3o, mas tamb\u00e9m garantir a qualidade dos palitos.<\/p> \t\t<\/div> \t\t\t\t<\/div> \t\t\t\t<\/article> \t\t\t\t<\/div> \t\t \t\t\t\t\t\t<\/div> \t\t\t\t<\/div> \t\t\t\t\t<\/div> \t\t\t\t<\/div> \t\t\t\t<\/div>","protected":false},"excerpt":{"rendered":"<p>Fornecedor de equipamentos para varas de madeira em vara de bambu Shuliy\u00ae Machinery Equipment Co. LTD Nossas Vantagens M\u00e1quinas Impressionantes Solu\u00e7\u00f5es Personalizadas Consultoria Nossas M\u00e1quinas Shuliy News<\/p>","protected":false},"author":1,"featured_media":0,"parent":0,"menu_order":0,"comment_status":"closed","ping_status":"closed","template":"","meta":{"footnotes":""},"class_list":["post-7","page","type-page","status-publish","hentry"],"_links":{"self":[{"href":"https:\/\/toothpickmachines.com\/pt\/wp-json\/wp\/v2\/pages\/7","targetHints":{"allow":["GET"]}}],"collection":[{"href":"https:\/\/toothpickmachines.com\/pt\/wp-json\/wp\/v2\/pages"}],"about":[{"href":"https:\/\/toothpickmachines.com\/pt\/wp-json\/wp\/v2\/types\/page"}],"author":[{"embeddable":true,"href":"https:\/\/toothpickmachines.com\/pt\/wp-json\/wp\/v2\/users\/1"}],"replies":[{"embeddable":true,"href":"https:\/\/toothpickmachines.com\/pt\/wp-json\/wp\/v2\/comments?post=7"}],"version-history":[{"count":0,"href":"https:\/\/toothpickmachines.com\/pt\/wp-json\/wp\/v2\/pages\/7\/revisions"}],"wp:attachment":[{"href":"https:\/\/toothpickmachines.com\/pt\/wp-json\/wp\/v2\/media?parent=7"}],"curies":[{"name":"wp","href":"https:\/\/api.w.org\/{rel}","templated":true}]}}