{"id":9,"date":"2020-01-09T09:35:20","date_gmt":"2020-01-09T09:35:20","guid":{"rendered":"https:\/\/toothpickmachines.com\/?page_id=9"},"modified":"2020-01-14T02:01:54","modified_gmt":"2020-01-14T02:01:54","slug":"about-us","status":"publish","type":"page","link":"https:\/\/toothpickmachines.com\/pt\/about-us\/","title":{"rendered":"Sobre n\u00f3s"},"content":{"rendered":"<h2 class=\"wp-block-heading\"><strong>Sobre Shuliy<\/strong><strong><\/strong><\/h2>    <p>Shuliy Machinery Co., Ltd. \u00e9 um fabricante e fornecedor profissional de m\u00e1quinas para processamento de madeira, estabelecido em 2011, especializado na pesquisa e desenvolvimento de m\u00e1quinas para processamento de palitos de madeira e palitos de bambu. Nossos principais produtos pesquisados \u200b\u200be desenvolvidos de forma independente incluem linha de produ\u00e7\u00e3o de palitos de bambu, equipamento de processamento de pauzinhos descart\u00e1veis, linha de produ\u00e7\u00e3o de palitos de madeira totalmente autom\u00e1tica, linha de produ\u00e7\u00e3o de pauzinhos redondos\/c\u00fabicos e uma s\u00e9rie de equipamentos de processamento \u00fanico, como m\u00e1quina de serrar, m\u00e1quina de corte, afiador de facas, m\u00e1quina de embalagem de palito de dente, etc.<\/p>    <div class=\"wp-block-image\"><figure class=\"aligncenter size-large is-resized\"><img fetchpriority=\"high\" decoding=\"async\" src=\"https:\/\/toothpickmachines.com\/wp-content\/uploads\/2020\/01\/Shuliy-Company.jpg\" alt=\"Companhia Shuliy\" class=\"wp-image-231\" width=\"602\" height=\"401\" title=\"\"><figcaption>Companhia Shuliy<\/figcaption><\/figure><\/div>    <h2 class=\"wp-block-heading\"><strong>Exibi\u00e7\u00e3o de oficina de f\u00e1brica<\/strong><strong><\/strong><\/h2>    <p>Ap\u00f3s quase dez anos de desenvolvimento, gradualmente nos transformamos de uma pequena oficina de produ\u00e7\u00e3o em um fabricante profissional de equipamentos para palitos de dente de m\u00e9dio porte. Agora a nossa f\u00e1brica tem uma forte capacidade de produ\u00e7\u00e3o, o que pode n\u00e3o s\u00f3 garantir que todos os pedidos de cada m\u00eas sejam entregues no prazo, mas tamb\u00e9m garantir que haja uma certa quantidade de estoque no armaz\u00e9m. Tamb\u00e9m podemos processar m\u00e1quinas de palito personalizadas de acordo com as necessidades do cliente.<\/p>    <figure class=\"wp-block-gallery columns-2 is-cropped wp-block-gallery-2 is-layout-flex wp-block-gallery-is-layout-flex\"><ul class=\"blocks-gallery-grid\"><li class=\"blocks-gallery-item\"><figure><img decoding=\"async\" width=\"540\" height=\"540\" src=\"https:\/\/toothpickmachines.com\/wp-content\/uploads\/2020\/01\/commercial-toothpick-machine-plant.jpg\" alt=\"planta comercial de m\u00e1quinas de palito de dente\" data-id=\"215\" data-full-url=\"https:\/\/toothpickmachines.com\/wp-content\/uploads\/2020\/01\/commercial-toothpick-machine-plant.jpg\" data-link=\"https:\/\/toothpickmachines.com\/about-us\/commercial-toothpick-machine-plant\/\" class=\"wp-image-215\" title=\"\"><figcaption class=\"blocks-gallery-item__caption\">planta comercial de m\u00e1quinas de palito de dente<\/figcaption><\/figure><\/li><li class=\"blocks-gallery-item\"><figure><img decoding=\"async\" width=\"540\" height=\"540\" src=\"https:\/\/toothpickmachines.com\/wp-content\/uploads\/2020\/01\/toothpick-machines-manufacturer-and-supplier.jpg\" alt=\"fabricante e fornecedor de m\u00e1quinas para palitos de dente\" data-id=\"216\" data-full-url=\"https:\/\/toothpickmachines.com\/wp-content\/uploads\/2020\/01\/toothpick-machines-manufacturer-and-supplier.jpg\" data-link=\"https:\/\/toothpickmachines.com\/about-us\/toothpick-machines-manufacturer-and-supplier\/\" class=\"wp-image-216\" title=\"\"><figcaption class=\"blocks-gallery-item__caption\">fabricante e fornecedor de m\u00e1quinas para palitos de dente<\/figcaption><\/figure><\/li><\/ul><\/figure>    <figure class=\"wp-block-gallery columns-2 is-cropped wp-block-gallery-3 is-layout-flex wp-block-gallery-is-layout-flex\"><ul class=\"blocks-gallery-grid\"><li class=\"blocks-gallery-item\"><figure><img loading=\"lazy\" decoding=\"async\" width=\"720\" height=\"341\" src=\"https:\/\/toothpickmachines.com\/wp-content\/uploads\/2020\/01\/wooden-toothpick-machines-for-shipping.jpg\" alt=\"m\u00e1quinas de palito de madeira para envio\" data-id=\"221\" data-full-url=\"https:\/\/toothpickmachines.com\/wp-content\/uploads\/2020\/01\/wooden-toothpick-machines-for-shipping.jpg\" data-link=\"https:\/\/toothpickmachines.com\/about-us\/wooden-toothpick-machines-for-shipping\/\" class=\"wp-image-221\" title=\"\"><figcaption class=\"blocks-gallery-item__caption\">m\u00e1quinas de palito de madeira para envio<\/figcaption><\/figure><\/li><li class=\"blocks-gallery-item\"><figure><img loading=\"lazy\" decoding=\"async\" width=\"720\" height=\"405\" src=\"https:\/\/toothpickmachines.com\/wp-content\/uploads\/2020\/01\/well-packed-toothpick-maker-machine-for-sale.jpg\" alt=\"m\u00e1quina de fazer palito bem embalada para venda\" data-id=\"222\" data-full-url=\"https:\/\/toothpickmachines.com\/wp-content\/uploads\/2020\/01\/well-packed-toothpick-maker-machine-for-sale.jpg\" data-link=\"https:\/\/toothpickmachines.com\/about-us\/well-packed-toothpick-maker-machine-for-sale\/\" class=\"wp-image-222\" title=\"\"><figcaption class=\"blocks-gallery-item__caption\">m\u00e1quina de fazer palito bem embalada para venda<\/figcaption><\/figure><\/li><\/ul><\/figure>    <h2 class=\"wp-block-heading\"><strong>Visita ao cliente<\/strong><strong><\/strong><\/h2>    <p>Devido ao pre\u00e7o razo\u00e1vel, tecnologia avan\u00e7ada e alta efici\u00eancia de produ\u00e7\u00e3o de nossa m\u00e1quina para fabricar palitos de dente, nossa linha completa de produ\u00e7\u00e3o de palitos de madeira\/bambu e linha de produ\u00e7\u00e3o de pauzinhos foram exportadas para muitos pa\u00edses e criaram enormes benef\u00edcios para muitos produtores de palitos. Atualmente, nossas m\u00e1quinas comerciais de palitos foram exportadas para Filipinas, Nig\u00e9ria, Estados Unidos, Tanz\u00e2nia, \u00cdndia, Nepal, Mal\u00e1sia, Arg\u00e9lia, Camar\u00f5es, Egito, Fran\u00e7a, Gana, Eti\u00f3pia, Qu\u00eania, Emirados \u00c1rabes Unidos, Peru, R\u00fassia, Indon\u00e9sia, Congo, Som\u00e1lia, Bangladesh e assim por diante.<\/p>    <div class=\"wp-block-image\"><figure class=\"aligncenter size-large is-resized\"><img loading=\"lazy\" decoding=\"async\" src=\"https:\/\/toothpickmachines.com\/wp-content\/uploads\/2020\/01\/customer-visiting-for-toothpick-machines-1.jpg\" alt=\"visita do cliente para m\u00e1quinas de palito\" class=\"wp-image-250\" width=\"603\" height=\"754\" title=\"\"><figcaption>visita do cliente para m\u00e1quinas de palito<\/figcaption><\/figure><\/div>    <h2 class=\"wp-block-heading\"><strong>O que podemos fazer por voc\u00ea?<\/strong><strong><\/strong><\/h2>    <ol class=\"wp-block-list\"><li>Comunique-se com os clientes e analise suas necessidades por e-mail, telefone, Whatsapp, Wechat ou outras ferramentas de mensagens instant\u00e2neas.<\/li><li>Fornece solu\u00e7\u00f5es profissionais de tecnologia de produ\u00e7\u00e3o e recomenda modelos de equipamentos adequados.<\/li><li>Estime o ciclo de retorno do investimento do cliente com base no or\u00e7amento do cliente e na produ\u00e7\u00e3o real.<\/li><li>Para diferentes produtos e linhas de produ\u00e7\u00e3o, podemos cotar pre\u00e7os razo\u00e1veis \u200b\u200bEXW, FOB, CFR ou CIF de acordo.<\/li><li>Podemos fornecer entrega sem complica\u00e7\u00f5es, diretrizes detalhadas de uso da m\u00e1quina, recomenda\u00e7\u00f5es de orienta\u00e7\u00e3o de instala\u00e7\u00e3o e manuten\u00e7\u00e3o.<\/li><\/ol>    <p><\/p>","protected":false},"excerpt":{"rendered":"<p>Shuliy Profile Shuliy Machinery Co., Ltd. is a professional wood processing machinery manufacturer and supplier, established in 2011, which specializes in the research and development of wooden toothpick and bamboo toothpick processing machinery. Our independently researched and developed main products include bamboo toothpick production line, disposable chopstick processing equipment, fully automatic wooden toothpick production line, [&hellip;]<\/p>\n","protected":false},"author":1,"featured_media":0,"parent":0,"menu_order":0,"comment_status":"closed","ping_status":"closed","template":"","meta":{"footnotes":""},"class_list":["post-9","page","type-page","status-publish","hentry"],"_links":{"self":[{"href":"https:\/\/toothpickmachines.com\/pt\/wp-json\/wp\/v2\/pages\/9","targetHints":{"allow":["GET"]}}],"collection":[{"href":"https:\/\/toothpickmachines.com\/pt\/wp-json\/wp\/v2\/pages"}],"about":[{"href":"https:\/\/toothpickmachines.com\/pt\/wp-json\/wp\/v2\/types\/page"}],"author":[{"embeddable":true,"href":"https:\/\/toothpickmachines.com\/pt\/wp-json\/wp\/v2\/users\/1"}],"replies":[{"embeddable":true,"href":"https:\/\/toothpickmachines.com\/pt\/wp-json\/wp\/v2\/comments?post=9"}],"version-history":[{"count":0,"href":"https:\/\/toothpickmachines.com\/pt\/wp-json\/wp\/v2\/pages\/9\/revisions"}],"wp:attachment":[{"href":"https:\/\/toothpickmachines.com\/pt\/wp-json\/wp\/v2\/media?parent=9"}],"curies":[{"name":"wp","href":"https:\/\/api.w.org\/{rel}","templated":true}]}}